{"id":550,"date":"2026-02-25T21:15:27","date_gmt":"2026-02-25T20:15:27","guid":{"rendered":"https:\/\/lewandowskimaciej.pl\/?page_id=550"},"modified":"2026-02-25T21:15:27","modified_gmt":"2026-02-25T20:15:27","slug":"promocja","status":"publish","type":"page","link":"https:\/\/lewandowskimaciej.pl\/?page_id=550","title":{"rendered":"promocja"},"content":{"rendered":"\n<blockquote class=\"wp-block-quote alignwide is-layout-flow wp-block-quote-is-layout-flow\">\n<p class=\"has-jetbrains-mono-font-family wp-block-paragraph\" style=\"font-size:clamp(14px, 0.875rem + ((1vw - 3.2px) * 0.469), 20px);\">Skuteczna promocja to przemy\u015blana strategia, sp\u00f3jny przekaz i konsekwentne budowanie wizerunku. W dzia\u0142aniach promocyjnych \u0142\u0105cz\u0119 komunikacj\u0119 wizualn\u0105, marketing terytorialny oraz nowoczesne narz\u0119dzia medialne, tworz\u0105c przekaz dopasowany do odbiorc\u00f3w \u2014 mieszka\u0144c\u00f3w, inwestor\u00f3w, turyst\u00f3w i partner\u00f3w biznesowych.<\/p>\n<\/blockquote>\n\n\n\n<h2 id=\"kolegiata-mariacka-w-stargardzie\" class=\"wp-block-heading\" style=\"font-size:clamp(18.434px, 1.152rem + ((1vw - 3.2px) * 0.825), 29px);\">kolegiata mariacka w stargardzie<\/h2>\n\n\n\n<div class=\"wp-block-group alignfull has-background has-global-padding is-layout-constrained wp-container-core-group-is-layout-c4a4fb82 wp-block-group-is-layout-constrained\" style=\"background-color:#f7f7f7;padding-top:0;padding-right:7vw;padding-bottom:var(--wp--preset--spacing--70);padding-left:7vw\">\n<div class=\"wp-block-columns alignwide are-vertically-aligned-center is-layout-flex wp-container-core-columns-is-layout-a6d71c72 wp-block-columns-is-layout-flex\" style=\"padding-top:0px;padding-right:0px;padding-bottom:0px;padding-left:0px\">\n<div class=\"wp-block-column is-vertically-aligned-center is-layout-flow wp-block-column-is-layout-flow\">\n<div class=\"wp-block-columns is-layout-flex wp-container-core-columns-is-layout-2d0bfcd7 wp-block-columns-is-layout-flex\">\n<div class=\"wp-block-column is-layout-flow wp-container-core-column-is-layout-ff1e87f5 wp-block-column-is-layout-flow\" style=\"flex-basis:100%\">\n<figure class=\"wp-block-image size-large lemmony-animation\" style=\"--lemmony-animation-name:lemmonyFadeInUp;animation-delay:var(--lemmony-delay-xsmall)\"><img decoding=\"async\" src=\"https:\/\/lewandowskimaciej.pl\/wp-content\/themes\/lemmony-agency-4\/assets\/media\/content\/star.svg\" alt=\"\" class=\"wp-image-34\"\/><\/figure>\n\n\n\n<p class=\"lemmony-animation lemmonyFadeInUp has-paragraph-color has-text-color has-link-color has-jetbrains-mono-font-family has-small-font-size wp-elements-db57b9d57c0d22156bfeecd477237b95 wp-block-paragraph\" style=\"--lemmony-animation-name:lemmonyFadeInUp;animation-delay:var(--lemmony-delay-xsmall)\">Od 8 lat wsp\u00f3\u0142pracuje z Parafi\u0105 NMP Kr\u00f3lowej \u015awiata w Stargardzie.\u00a0 Jestem inicjatorem oraz administratorem kana\u0142\u00f3w parafii w mediach spo\u0142eczno\u015bciowych, kt\u00f3re samodzielnie za\u0142o\u017cy\u0142em i konsekwentnie rozwija\u0142em. Odpowiadam za tworzenie materia\u0142\u00f3w fotograficznych i filmowych dokumentuj\u0105cych \u017cycie wsp\u00f3lnoty, wydarze\u0144 religijnych oraz inicjatyw duszpasterskich. Zajmuje si\u0119 tak\u017ce pokazaniem Kolegiaty jako jednego z najcenniejszych zabytk\u00f3w Pomorza Zachodniego. Dzia\u0142ania te w znacz\u0105cy spos\u00f3b przyczyni\u0142y si\u0119 do budowania pozytywnego wizerunku parafii oraz wzrostu zainteresowania turystycznego kolegiat\u0105. Przez okres 3 lat by\u0142em\u00a0 odpowiedzialny za obs\u0142ug\u0119 promocyjn\u0105 projektu finansowanego ze \u015brodk\u00f3w Unii Europejskiej, realizuj\u0105c materia\u0142y filmowe oraz dokumentacj\u0119 fotograficzn\u0105 z przebiegu prac remontowych i wydarze\u0144 zwi\u0105zanych z projektem \u201eRozw\u00f3j zasob\u00f3w kulturalnych poprzez prace konserwatorsko-restauratorskie w zabytkowej Kolegiacie pw. NMP Kr\u00f3lowej \u015awiata w Stargardzie\u201d. W ramach umowy wykona\u0142em 35 autorskich film\u00f3w \u201eDziennik Remontu Stulecia\u201d\u00a0 i 5 spot\u00f3w reklamowych, ulotki, folder i plakaty oraz dodatkowo za\u0142o\u017cy\u0142em profil w SoMe &#8220;Dziennik Remontu Stulecia&#8221;, kt\u00f3ry po zako\u0144czonej inwestycji zmieni\u0142em na &#8220;Mariacka Stargard&#8221;.  By\u0142em pomys\u0142odawc\u0105 nowej identyfikacji wizualnej Pomnika Historii, opracowuj\u0105c logo &#8220;kolegiata mariacka&#8221; oraz takich wydarze\u0144 jak &#8220;730 lecie Kolegiaty Mariackiej&#8221; czy &#8220;spacer wieczorow\u0105 por\u0105, po\u0142\u0105czony z prezentacj\u0105 nowego \u015bwietlenia&#8221;. (<a href=\"https:\/\/stargardzka.pl\/2023\/08\/28\/od-ciemnosci-do-jasnosci-spektakl-w-kolegiacie-na-kilkadziesiat-swiatel\/\" data-type=\"link\" data-id=\"https:\/\/stargardzka.pl\/2023\/08\/28\/od-ciemnosci-do-jasnosci-spektakl-w-kolegiacie-na-kilkadziesiat-swiatel\/\"><strong>czytaj wi\u0119cej o spacerze<\/strong><\/a>&#8230;)<\/p>\n\n\n\n<p class=\"lemmony-animation lemmonyFadeInUp has-jetbrains-mono-font-family has-small-font-size wp-block-paragraph\" style=\"--lemmony-animation-name:lemmonyFadeInUp;animation-delay:var(--lemmony-delay-xsmall)\">Moja dzia\u0142alno\u015b\u0107 w istotny spos\u00f3b przyczyni\u0142a si\u0119 do rozwoju parafii oraz promocji jej samej a tak\u017ce dziedzictwa kulturowego i religijnego. <br><\/p>\n\n\n\n<div class=\"wp-block-group lemmony-animation is-layout-flex wp-container-core-group-is-layout-79d34b93 wp-block-group-is-layout-flex\" style=\"margin-top:40px;--lemmony-animation-name:lemmonyFadeInUp;animation-delay:var(--lemmony-delay-small)\">\n<div class=\"wp-block-group is-content-justification-left is-nowrap is-layout-flex wp-container-core-group-is-layout-eb155af2 wp-block-group-is-layout-flex\">\n<div class=\"wp-block-buttons is-content-justification-center is-layout-flex wp-container-core-buttons-is-layout-c0bc9f7e wp-block-buttons-is-layout-flex\" style=\"text-decoration:underline\"><\/div>\n<\/div>\n<\/div>\n<\/div>\n<\/div>\n<\/div>\n\n\n\n<div class=\"wp-block-column is-vertically-aligned-center is-layout-flow wp-block-column-is-layout-flow\">\n<div class=\"wp-block-lemmony-companion-hero-auto-slider scrollable-gallery\" style=\"--total-container-transform:64vw\"><section class=\"lemmony-splide splide\" data-total=\"3\" data-aspect-ratio=\"5:4\"><div class=\"splide__track\"><ul class=\"splide__list\"><li class=\"splide__slide\"><img decoding=\"async\" src=\"https:\/\/lewandowskimaciej.pl\/wp-content\/uploads\/2026\/02\/1.png\" alt=\"\"\/><\/li><li class=\"splide__slide\"><img decoding=\"async\" src=\"https:\/\/lewandowskimaciej.pl\/wp-content\/uploads\/2026\/02\/730-lecie-koleigaty-logo.jpg\" alt=\"\"\/><\/li><li class=\"splide__slide\"><img decoding=\"async\" src=\"https:\/\/lewandowskimaciej.pl\/wp-content\/uploads\/2026\/02\/kolegiata-logo-krzywe-PNG-RGB.png\" alt=\"\"\/><\/li><\/ul><\/div><div class=\"splide__progress\"><div class=\"splide__progress__bar\"><\/div><\/div><\/section><\/div>\n<\/div>\n<\/div>\n\n\n\n<h2 id=\"visit-stargard\" class=\"wp-block-heading\" style=\"font-size:clamp(21.536px, 1.346rem + ((1vw - 3.2px) * 1.052), 35px);\">Visit stargard<\/h2>\n\n\n\n<div class=\"wp-block-columns alignwide are-vertically-aligned-center is-layout-flex wp-container-core-columns-is-layout-a6d71c72 wp-block-columns-is-layout-flex\" style=\"padding-top:0px;padding-right:0px;padding-bottom:0px;padding-left:0px\">\n<div class=\"wp-block-column is-vertically-aligned-center is-layout-flow wp-block-column-is-layout-flow\">\n<div class=\"wp-block-columns is-layout-flex wp-container-core-columns-is-layout-2d0bfcd7 wp-block-columns-is-layout-flex\">\n<div class=\"wp-block-column is-layout-flow wp-container-core-column-is-layout-ff1e87f5 wp-block-column-is-layout-flow\" style=\"flex-basis:100%\">\n<figure class=\"wp-block-image size-large lemmony-animation\" style=\"--lemmony-animation-name:lemmonyFadeInUp;animation-delay:var(--lemmony-delay-xsmall)\"><img decoding=\"async\" src=\"https:\/\/lewandowskimaciej.pl\/wp-content\/themes\/lemmony-agency-4\/assets\/media\/content\/star.svg\" alt=\"\" class=\"wp-image-34\"\/><\/figure>\n\n\n\n<p class=\"lemmony-animation lemmonyFadeInUp has-jetbrains-mono-font-family has-small-font-size wp-block-paragraph\" style=\"--lemmony-animation-name:lemmonyFadeInUp;animation-delay:var(--lemmony-delay-xsmall)\">Z powodzeniem prowadzi\u0142em kana\u0142\u00a0<strong>Visit Stargard<\/strong> (obecnie ciaokadre),  promuj\u0105c walory turystyczne i historyczne miasta. Tworzy\u0142em tre\u015bci wizualne oraz komunikacyjne buduj\u0105ce sp\u00f3jny i atrakcyjny wizerunek Stargardu w przestrzeni cyfrowej. Materia\u0142y by\u0142y oparte na autorskich fotografiach i filmach. Moje zdj\u0119cia oraz materia\u0142y wideo by\u0142y wielokrotnie udost\u0119pniane przez oficjalne kana\u0142y Urz\u0119du Marsza\u0142kowskiego w Szczecinie, na stronach promocyjnych \u201ePomorze Zachodnie\u201d, co potwierdza ich jako\u015b\u0107 oraz skuteczno\u015b\u0107 w budowaniu regionalnego przekazu promocyjnego. Prowadzenie kana\u0142u obejmowa\u0142o planowanie tre\u015bci, tworzenie materia\u0142\u00f3w wizualnych (r\u00f3wnie\u017c z drona), redakcj\u0119 opis\u00f3w, optymalizacj\u0119 publikacji pod media spo\u0142eczno\u015bciowe oraz bie\u017c\u0105c\u0105 analiz\u0119 zasi\u0119g\u00f3w i zaanga\u017cowania odbiorc\u00f3w. <\/p>\n\n\n\n<hr class=\"wp-block-separator has-alpha-channel-opacity\"\/>\n<\/div>\n<\/div>\n<\/div>\n\n\n\n<div class=\"wp-block-column is-vertically-aligned-center is-layout-flow wp-block-column-is-layout-flow\">\n<div class=\"wp-block-lemmony-companion-hero-auto-slider scrollable-gallery\" style=\"--total-container-transform:64vw\"><section class=\"lemmony-splide splide\" data-total=\"3\" data-aspect-ratio=\"3:4\"><div class=\"splide__track\"><ul class=\"splide__list\"><li class=\"splide__slide\"><img decoding=\"async\" src=\"https:\/\/lewandowskimaciej.pl\/wp-content\/uploads\/2026\/02\/1-1.png\" alt=\"\"\/><\/li><li class=\"splide__slide\"><img decoding=\"async\" src=\"https:\/\/lewandowskimaciej.pl\/wp-content\/uploads\/2026\/02\/Zrzut-ekranu-2026-02-25-o-21.07.44.png\" alt=\"\"\/><\/li><li class=\"splide__slide\"><img decoding=\"async\" src=\"https:\/\/lewandowskimaciej.pl\/wp-content\/uploads\/2026\/02\/Zrzut-ekranu-2026-02-25-o-21.06.56.png\" alt=\"\"\/><\/li><\/ul><\/div><div class=\"splide__progress\"><div class=\"splide__progress__bar\"><\/div><\/div><\/section><\/div>\n<\/div>\n<\/div>\n<\/div>\n\n\n\n<p class=\"wp-block-paragraph\"><\/p>\n","protected":false},"excerpt":{"rendered":"<p>Skuteczna promocja to przemy\u015blana strategia, sp\u00f3jny przekaz i konsekwentne budowanie wizerunku. W dzia\u0142aniach promocyjnych \u0142\u0105cz\u0119 komunikacj\u0119 wizualn\u0105, marketing terytorialny oraz nowoczesne narz\u0119dzia medialne, tworz\u0105c przekaz dopasowany do odbiorc\u00f3w \u2014 mieszka\u0144c\u00f3w, inwestor\u00f3w, turyst\u00f3w i partner\u00f3w biznesowych. kolegiata mariacka w stargardzie Od 8 lat wsp\u00f3\u0142pracuje z Parafi\u0105 NMP Kr\u00f3lowej \u015awiata w Stargardzie.\u00a0 Jestem inicjatorem oraz administratorem kana\u0142\u00f3w [&hellip;]<\/p>\n","protected":false},"author":1,"featured_media":0,"parent":0,"menu_order":0,"comment_status":"closed","ping_status":"closed","template":"","meta":{"_gspb_post_css":"","_crdt_document":"","_vp_format_video_url":"","_vp_image_focal_point":[],"footnotes":""},"class_list":["post-550","page","type-page","status-publish","hentry"],"_links":{"self":[{"href":"https:\/\/lewandowskimaciej.pl\/index.php?rest_route=\/wp\/v2\/pages\/550","targetHints":{"allow":["GET"]}}],"collection":[{"href":"https:\/\/lewandowskimaciej.pl\/index.php?rest_route=\/wp\/v2\/pages"}],"about":[{"href":"https:\/\/lewandowskimaciej.pl\/index.php?rest_route=\/wp\/v2\/types\/page"}],"author":[{"embeddable":true,"href":"https:\/\/lewandowskimaciej.pl\/index.php?rest_route=\/wp\/v2\/users\/1"}],"replies":[{"embeddable":true,"href":"https:\/\/lewandowskimaciej.pl\/index.php?rest_route=%2Fwp%2Fv2%2Fcomments&post=550"}],"version-history":[{"count":10,"href":"https:\/\/lewandowskimaciej.pl\/index.php?rest_route=\/wp\/v2\/pages\/550\/revisions"}],"predecessor-version":[{"id":566,"href":"https:\/\/lewandowskimaciej.pl\/index.php?rest_route=\/wp\/v2\/pages\/550\/revisions\/566"}],"wp:attachment":[{"href":"https:\/\/lewandowskimaciej.pl\/index.php?rest_route=%2Fwp%2Fv2%2Fmedia&parent=550"}],"curies":[{"name":"wp","href":"https:\/\/api.w.org\/{rel}","templated":true}]}}